{"id":31,"date":"2020-04-13T11:18:52","date_gmt":"2020-04-13T11:18:52","guid":{"rendered":"http:\/\/lasvertienteslodge.com\/?page_id=31"},"modified":"2022-12-30T18:52:29","modified_gmt":"2022-12-30T18:52:29","slug":"about","status":"publish","type":"page","link":"https:\/\/lasvertienteslodge.com\/es\/about\/","title":{"rendered":"Sobre Nosotros"},"content":{"rendered":"<div data-elementor-type=\"wp-page\" data-elementor-id=\"31\" class=\"elementor elementor-31\">\n\t\t\t\t\t\t<section class=\"elementor-section elementor-top-section elementor-element elementor-element-5131a13e elementor-section-boxed elementor-section-height-default elementor-section-height-default\" data-id=\"5131a13e\" data-element_type=\"section\" data-e-type=\"section\" data-settings=\"{&quot;background_background&quot;:&quot;classic&quot;}\">\n\t\t\t\t\t\t\t<div class=\"elementor-background-overlay\"><\/div>\n\t\t\t\t\t\t\t<div class=\"elementor-container elementor-column-gap-default\">\n\t\t\t\t\t<div class=\"elementor-column elementor-col-100 elementor-top-column elementor-element elementor-element-1053ca7a\" data-id=\"1053ca7a\" data-element_type=\"column\" data-e-type=\"column\">\n\t\t\t<div class=\"elementor-widget-wrap elementor-element-populated\">\n\t\t\t\t\t\t<div class=\"elementor-element elementor-element-3d99e122 elementor-widget elementor-widget-heading\" data-id=\"3d99e122\" data-element_type=\"widget\" data-e-type=\"widget\" data-widget_type=\"heading.default\">\n\t\t\t\t<div class=\"elementor-widget-container\">\n\t\t\t\t\t<h1 class=\"elementor-heading-title elementor-size-default\">Sobre Nosotros<\/h1>\t\t\t\t<\/div>\n\t\t\t\t<\/div>\n\t\t\t\t\t<\/div>\n\t\t<\/div>\n\t\t\t\t\t<\/div>\n\t\t<\/section>\n\t\t\t\t<section class=\"elementor-section elementor-top-section elementor-element elementor-element-40177ae0 elementor-section-boxed elementor-section-height-default elementor-section-height-default\" data-id=\"40177ae0\" data-element_type=\"section\" data-e-type=\"section\">\n\t\t\t\t\t\t<div class=\"elementor-container elementor-column-gap-no\">\n\t\t\t\t\t<div class=\"elementor-column elementor-col-50 elementor-top-column elementor-element elementor-element-2828f573\" data-id=\"2828f573\" data-element_type=\"column\" data-e-type=\"column\">\n\t\t\t<div class=\"elementor-widget-wrap elementor-element-populated\">\n\t\t\t\t\t\t<div class=\"elementor-element elementor-element-68afc23b elementor-widget elementor-widget-heading\" data-id=\"68afc23b\" data-element_type=\"widget\" data-e-type=\"widget\" data-widget_type=\"heading.default\">\n\t\t\t\t<div class=\"elementor-widget-container\">\n\t\t\t\t\t<h2 class=\"elementor-heading-title elementor-size-default\">Establecidos en 1991<\/h2>\t\t\t\t<\/div>\n\t\t\t\t<\/div>\n\t\t\t\t<div class=\"elementor-element elementor-element-9e262cb elementor-invisible elementor-widget elementor-widget-image\" data-id=\"9e262cb\" data-element_type=\"widget\" data-e-type=\"widget\" data-settings=\"{&quot;_animation&quot;:&quot;fadeInLeft&quot;}\" data-widget_type=\"image.default\">\n\t\t\t\t<div class=\"elementor-widget-container\">\n\t\t\t\t\t\t\t\t\t\t\t\t\t\t\t<img fetchpriority=\"high\" decoding=\"async\" width=\"300\" height=\"225\" src=\"https:\/\/lasvertienteslodge.com\/wp-content\/uploads\/2022\/12\/DSC07045-scaled-1-1-300x225.jpg\" class=\"attachment-medium size-medium wp-image-7079\" alt=\"\" srcset=\"https:\/\/lasvertienteslodge.com\/wp-content\/uploads\/2022\/12\/DSC07045-scaled-1-1-300x225.jpg 300w, https:\/\/lasvertienteslodge.com\/wp-content\/uploads\/2022\/12\/DSC07045-scaled-1-1-1024x768.jpg 1024w, https:\/\/lasvertienteslodge.com\/wp-content\/uploads\/2022\/12\/DSC07045-scaled-1-1-768x576.jpg 768w, https:\/\/lasvertienteslodge.com\/wp-content\/uploads\/2022\/12\/DSC07045-scaled-1-1-1536x1152.jpg 1536w, https:\/\/lasvertienteslodge.com\/wp-content\/uploads\/2022\/12\/DSC07045-scaled-1-1-2048x1536.jpg 2048w, https:\/\/lasvertienteslodge.com\/wp-content\/uploads\/2022\/12\/DSC07045-scaled-1-1-16x12.jpg 16w\" sizes=\"(max-width: 300px) 100vw, 300px\" \/>\t\t\t\t\t\t\t\t\t\t\t\t\t\t\t<\/div>\n\t\t\t\t<\/div>\n\t\t\t\t<div class=\"elementor-element elementor-element-957e8bd elementor-widget elementor-widget-image\" data-id=\"957e8bd\" data-element_type=\"widget\" data-e-type=\"widget\" data-widget_type=\"image.default\">\n\t\t\t\t<div class=\"elementor-widget-container\">\n\t\t\t\t\t\t\t\t\t\t\t\t\t\t\t<img decoding=\"async\" width=\"300\" height=\"225\" src=\"https:\/\/lasvertienteslodge.com\/wp-content\/uploads\/2022\/12\/DSCN1244-01-scaled-1-1-300x225.jpg\" class=\"attachment-medium size-medium wp-image-7083\" alt=\"\" srcset=\"https:\/\/lasvertienteslodge.com\/wp-content\/uploads\/2022\/12\/DSCN1244-01-scaled-1-1-300x225.jpg 300w, https:\/\/lasvertienteslodge.com\/wp-content\/uploads\/2022\/12\/DSCN1244-01-scaled-1-1-1024x768.jpg 1024w, https:\/\/lasvertienteslodge.com\/wp-content\/uploads\/2022\/12\/DSCN1244-01-scaled-1-1-768x576.jpg 768w, https:\/\/lasvertienteslodge.com\/wp-content\/uploads\/2022\/12\/DSCN1244-01-scaled-1-1-1536x1152.jpg 1536w, https:\/\/lasvertienteslodge.com\/wp-content\/uploads\/2022\/12\/DSCN1244-01-scaled-1-1-2048x1536.jpg 2048w, https:\/\/lasvertienteslodge.com\/wp-content\/uploads\/2022\/12\/DSCN1244-01-scaled-1-1-16x12.jpg 16w\" sizes=\"(max-width: 300px) 100vw, 300px\" \/>\t\t\t\t\t\t\t\t\t\t\t\t\t\t\t<\/div>\n\t\t\t\t<\/div>\n\t\t\t\t\t<\/div>\n\t\t<\/div>\n\t\t\t\t<div class=\"elementor-column elementor-col-50 elementor-top-column elementor-element elementor-element-48096891\" data-id=\"48096891\" data-element_type=\"column\" data-e-type=\"column\">\n\t\t\t<div class=\"elementor-widget-wrap elementor-element-populated\">\n\t\t\t\t\t\t<div class=\"elementor-element elementor-element-44ce5982 elementor-widget elementor-widget-text-editor\" data-id=\"44ce5982\" data-element_type=\"widget\" data-e-type=\"widget\" data-widget_type=\"text-editor.default\">\n\t\t\t\t<div class=\"elementor-widget-container\">\n\t\t\t\t\t\t\t\t\t<p>Las Vertientes Lodge se encuentra en una peque\u00f1a granja, situada en las afueras de San Mart\u00edn de los Andes, en el norte de la Patagonia Argentina. \u00c9sta posada funciona como un Bed &amp; Breakfast atendido por sus due\u00f1os, quienes brindan un servicio personalizado en un ambiente tranquilo, rodeado de naturaleza.<\/p><p>El Lodge est\u00e1 rodeado de jardines y c\u00e9sped bien cuidados, con espectaculares vistas de las monta\u00f1as pr\u00e1cticamente en todas las direcciones. Disponemos de 3 habitaciones con 2 salas de estar, todas ellas con ba\u00f1os privados en-suite.<\/p><p>La mesa del desayuno es un despliegue de panes, masitas, medialunas, fiambres, fruta y dulces caseros de fruta fresca de la zona. Caf\u00e9 caliente, t\u00e9 o jugo fresco est\u00e1n a disposici\u00f3n.<\/p><p>Si despu\u00e9s de un largo d\u00eda de actividades y recorridos da fiaca salir a cenar, tenemos un delivery con ricos platos caseros que les puede acercar la cena y nosotros les ponemos la mesa y brindamos todo lo necesario para que disfruten de la comida.<\/p><p>San Martin de los Andes se encuentra emplazado en el norte de la Patagonia, en un lugar privilegiado, que permite disfrutar de todo tipo de actividades: Cabalgatas en las monta\u00f1as, pesca con mosca de primer nivel, golf en una cancha dise\u00f1ada por Jack Nicklaus, avistaje de aves, ski en Cerro Chapelco, trekking, kayak, rafting, mountainbike, y muchas otras opciones a minutos de la posada. Les podemos asesorar sobre las actividades y lugares para visitar.<\/p>\t\t\t\t\t\t\t\t<\/div>\n\t\t\t\t<\/div>\n\t\t\t\t<div class=\"elementor-element elementor-element-41a203d elementor-widget elementor-widget-text-editor\" data-id=\"41a203d\" data-element_type=\"widget\" data-e-type=\"widget\" data-widget_type=\"text-editor.default\">\n\t\t\t\t<div class=\"elementor-widget-container\">\n\t\t\t\t\t\t\t\t\t<p><b>Los esperamos!<\/b><\/p>\t\t\t\t\t\t\t\t<\/div>\n\t\t\t\t<\/div>\n\t\t\t\t<div class=\"elementor-element elementor-element-4ec76f84 elementor-widget elementor-widget-heading\" data-id=\"4ec76f84\" data-element_type=\"widget\" data-e-type=\"widget\" data-widget_type=\"heading.default\">\n\t\t\t\t<div class=\"elementor-widget-container\">\n\t\t\t\t\t<h3 class=\"elementor-heading-title elementor-size-medium\">Frankie, Alberto &amp; hijos.<\/h3>\t\t\t\t<\/div>\n\t\t\t\t<\/div>\n\t\t\t\t\t<\/div>\n\t\t<\/div>\n\t\t\t\t\t<\/div>\n\t\t<\/section>\n\t\t\t\t<\/div>","protected":false},"excerpt":{"rendered":"<p>\/*! elementor &#8211; v3.6.4 &#8211; 13-04-2022 *\/ .elementor-heading-title{padding:0;margin:0;line-height:1}.elementor-widget-heading .elementor-heading-title[class*=elementor-size-]&gt;a{color:inherit;font-size:inherit;line-height:inherit}.elementor-widget-heading .elementor-heading-title.elementor-size-small{font-size:15px}.elementor-widget-heading .elementor-heading-title.elementor-size-medium{font-size:19px}.elementor-widget-heading .elementor-heading-title.elementor-size-large{font-size:29px}.elementor-widget-heading .elementor-heading-title.elementor-size-xl{font-size:39px}.elementor-widget-heading .elementor-heading-title.elementor-size-xxl{font-size:59px} About Established in 1991 \/*! elementor &#8211; v3.6.4 &#8211; 13-04-2022 *\/ .elementor-widget-image{text-align:center}.elementor-widget-image a{display:inline-block}.elementor-widget-image a img[src$=&#8221;.svg&#8221;]{width:48px}.elementor-widget-image img{vertical-align:middle;display:inline-block} Las Vertientes Lodge resides on a small private farm, nestled on the mountain slopes just outside San Martin de los Andes, in northern Patagonia Argentina. [&hellip;]<\/p>\n","protected":false},"author":1,"featured_media":0,"parent":0,"menu_order":0,"comment_status":"closed","ping_status":"closed","template":"","meta":{"_monsterinsights_skip_tracking":false,"_monsterinsights_sitenote_active":false,"_monsterinsights_sitenote_note":"","_monsterinsights_sitenote_category":0,"site-sidebar-layout":"no-sidebar","site-content-layout":"page-builder","ast-site-content-layout":"default","site-content-style":"default","site-sidebar-style":"default","ast-global-header-display":"","ast-banner-title-visibility":"","ast-main-header-display":"","ast-hfb-above-header-display":"","ast-hfb-below-header-display":"","ast-hfb-mobile-header-display":"","site-post-title":"disabled","ast-breadcrumbs-content":"","ast-featured-img":"","footer-sml-layout":"","ast-disable-related-posts":"","theme-transparent-header-meta":"enabled","adv-header-id-meta":"","stick-header-meta":"","header-above-stick-meta":"","header-main-stick-meta":"","header-below-stick-meta":"","astra-migrate-meta-layouts":"default","ast-page-background-enabled":"default","ast-page-background-meta":{"desktop":{"background-color":"","background-image":"","background-repeat":"repeat","background-position":"center center","background-size":"auto","background-attachment":"scroll","background-type":"","background-media":"","overlay-type":"","overlay-color":"","overlay-opacity":"","overlay-gradient":""},"tablet":{"background-color":"","background-image":"","background-repeat":"repeat","background-position":"center center","background-size":"auto","background-attachment":"scroll","background-type":"","background-media":"","overlay-type":"","overlay-color":"","overlay-opacity":"","overlay-gradient":""},"mobile":{"background-color":"","background-image":"","background-repeat":"repeat","background-position":"center center","background-size":"auto","background-attachment":"scroll","background-type":"","background-media":"","overlay-type":"","overlay-color":"","overlay-opacity":"","overlay-gradient":""}},"ast-content-background-meta":{"desktop":{"background-color":"var(--ast-global-color-5)","background-image":"","background-repeat":"repeat","background-position":"center center","background-size":"auto","background-attachment":"scroll","background-type":"","background-media":"","overlay-type":"","overlay-color":"","overlay-opacity":"","overlay-gradient":""},"tablet":{"background-color":"var(--ast-global-color-5)","background-image":"","background-repeat":"repeat","background-position":"center center","background-size":"auto","background-attachment":"scroll","background-type":"","background-media":"","overlay-type":"","overlay-color":"","overlay-opacity":"","overlay-gradient":""},"mobile":{"background-color":"var(--ast-global-color-5)","background-image":"","background-repeat":"repeat","background-position":"center center","background-size":"auto","background-attachment":"scroll","background-type":"","background-media":"","overlay-type":"","overlay-color":"","overlay-opacity":"","overlay-gradient":""}},"footnotes":""},"class_list":["post-31","page","type-page","status-publish","hentry"],"_links":{"self":[{"href":"https:\/\/lasvertienteslodge.com\/es\/wp-json\/wp\/v2\/pages\/31","targetHints":{"allow":["GET"]}}],"collection":[{"href":"https:\/\/lasvertienteslodge.com\/es\/wp-json\/wp\/v2\/pages"}],"about":[{"href":"https:\/\/lasvertienteslodge.com\/es\/wp-json\/wp\/v2\/types\/page"}],"author":[{"embeddable":true,"href":"https:\/\/lasvertienteslodge.com\/es\/wp-json\/wp\/v2\/users\/1"}],"replies":[{"embeddable":true,"href":"https:\/\/lasvertienteslodge.com\/es\/wp-json\/wp\/v2\/comments?post=31"}],"version-history":[{"count":19,"href":"https:\/\/lasvertienteslodge.com\/es\/wp-json\/wp\/v2\/pages\/31\/revisions"}],"predecessor-version":[{"id":7063,"href":"https:\/\/lasvertienteslodge.com\/es\/wp-json\/wp\/v2\/pages\/31\/revisions\/7063"}],"wp:attachment":[{"href":"https:\/\/lasvertienteslodge.com\/es\/wp-json\/wp\/v2\/media?parent=31"}],"curies":[{"name":"wp","href":"https:\/\/api.w.org\/{rel}","templated":true}]}}